{"id":2,"date":"2014-08-18T14:57:30","date_gmt":"2014-08-18T14:57:30","guid":{"rendered":"http:\/\/www.artstv.tv\/?page_id=2"},"modified":"2014-12-19T16:38:52","modified_gmt":"2014-12-19T15:38:52","slug":"qui-sommes-nous","status":"publish","type":"page","link":"https:\/\/www.az-za.be\/fr\/qui-sommes-nous\/","title":{"rendered":"Qui sommes-nous ?"},"content":{"rendered":"<p><\/p>\n<p style=\"text-align: justify;\">Depuis bient\u00f4t 10 ans <strong>Media Res<\/strong> est sp\u00e9cialis\u00e9\u00a0dans les <strong>programmes culturels <\/strong>&#8220;clefs sur porte&#8221;<strong>\u00a0<\/strong>, pour la <strong>RTBF<\/strong> et <strong>ARTE <\/strong>entre autres\u00a0:<\/p>\n<ul style=\"text-align: justify;\">\n<li><strong>\u00ab Cinquante degr\u00e9s nord \u00bb<\/strong> concept + neuf saisons = 1.700 \u00e9missions<\/li>\n<li><strong>\u00ab La collection RTBF\/Canvas collectie \u00bb<\/strong> toutes les \u00e9missions francophones<\/li>\n<li><strong>\u00ab Tous pour l\u2019Art\/Alles f\u00fcr die kunst \u00bb<\/strong> toutes les \u00e9missions francophones<\/li>\n<li><strong>\u00ab Jamais sans mon livre \u00bb<\/strong> toutes les \u00e9missions<\/li>\n<li>des documentaires culturels, des \u00e9missions sp\u00e9ciales, &#8230;<\/li>\n<\/ul>\n<p style=\"text-align: justify;\">Gr\u00e2ce \u00e0\u00a0une r\u00e9daction sp\u00e9cialis\u00e9e en culture, soit, une quinzaine de chroniqueurs et journalistes\u00a0faisant l\u2019unanimit\u00e9 aupr\u00e8s des op\u00e9rateurs culturels, au d\u00e9veloppement et \u00e0 la conception d\u2019outils de production sp\u00e9cifiques au\u00a0monde culturel\u00a0(R\u00e9gie d\u2019enregistrement mobile innovante, techniques d\u2019\u00e9clairages, de d\u00e9cors et de logistique de production), au d\u00e9veloppement d\u2019une technique de conservation et de gestion\u00a0de nos archives (rushes)\u00a0unique et sp\u00e9cifique pour +\/- 12.000 heures de contenu culturel.<\/p>\n<p style=\"text-align: justify;\">Un acquis\u00a0construit au fil des ann\u00e9es,\u00a0qui\u00a0permet de donner vie \u00e0 ce projet innovant\u00a0dans un cadre r\u00e9aliste de production.<\/p>\n<p style=\"text-align: justify;\">Cette plate-forme veut \u00eatre\u00a0un nouveau <strong>diffuseur<\/strong>.<\/p>\n<p style=\"text-align: justify;\">Cette plate-forme veut cr\u00e9er\u00a0un nouvel <strong>espace de diffusion<\/strong>.<\/p>\n<p style=\"text-align: justify;\">Ce nouvel espace de diffusion\u00a0doit r\u00e9pondre au <strong>besoin de vitrine<\/strong>:<\/p>\n<ul style=\"text-align: justify;\">\n<li>offrir du contenu multim\u00e9dia<\/li>\n<li>renforcer la communication<\/li>\n<li>\u00eatre un support p\u00e9dagogique<\/li>\n<li>\u00eatre un relais de m\u00e9diation<\/li>\n<li>garantir une fr\u00e9quentation<\/li>\n<li>g\u00e9n\u00e9rer de la curiosit\u00e9<\/li>\n<li>d\u00e9finir le profil culturel de chaque visiteur<\/li>\n<li>proposer des compl\u00e9ments d\u2019informations<\/li>\n<\/ul>\n<p style=\"text-align: justify;\">Pour ce faire ce nouvel espace de diffusion doit \u00eatre un ensemblier <strong>f\u00e9d\u00e9rateur<\/strong> qui doit servir :<\/p>\n<ul>\n<li style=\"text-align: justify;\">Les op\u00e9rateurs culturels<\/li>\n<li style=\"text-align: justify;\">Les partenaires &#8220;presse&#8221;<\/li>\n<li style=\"text-align: justify;\">Le public<\/li>\n<li style=\"text-align: justify;\">Les enseignants<\/li>\n<\/ul>\n<p><\/p>","protected":false},"excerpt":{"rendered":"<p>Depuis bient\u00f4t 10 ans Media Res est sp\u00e9cialis\u00e9\u00a0dans les programmes culturels &#8220;clefs sur porte&#8221;\u00a0, pour la RTBF et ARTE entre autres\u00a0: \u00ab Cinquante degr\u00e9s nord \u00bb concept + neuf saisons = 1.700 \u00e9missions \u00ab La collection RTBF\/Canvas collectie \u00bb toutes les \u00e9missions francophones \u00ab Tous pour l\u2019Art\/Alles f\u00fcr die kunst \u00bb toutes les \u00e9missions francophones [&hellip;]<\/p>\n","protected":false},"author":1,"featured_media":0,"parent":0,"menu_order":0,"comment_status":"open","ping_status":"closed","template":"","meta":{"_acf_changed":false,"pmpro_default_level":"","footnotes":""},"class_list":["post-2","page","type-page","status-publish","hentry","pmpro-has-access"],"acf":[],"publishpress_future_workflow_manual_trigger":{"enabledWorkflows":[]},"_links":{"self":[{"href":"https:\/\/www.az-za.be\/fr\/wp-json\/wp\/v2\/pages\/2","targetHints":{"allow":["GET"]}}],"collection":[{"href":"https:\/\/www.az-za.be\/fr\/wp-json\/wp\/v2\/pages"}],"about":[{"href":"https:\/\/www.az-za.be\/fr\/wp-json\/wp\/v2\/types\/page"}],"author":[{"embeddable":true,"href":"https:\/\/www.az-za.be\/fr\/wp-json\/wp\/v2\/users\/1"}],"replies":[{"embeddable":true,"href":"https:\/\/www.az-za.be\/fr\/wp-json\/wp\/v2\/comments?post=2"}],"version-history":[{"count":0,"href":"https:\/\/www.az-za.be\/fr\/wp-json\/wp\/v2\/pages\/2\/revisions"}],"wp:attachment":[{"href":"https:\/\/www.az-za.be\/fr\/wp-json\/wp\/v2\/media?parent=2"}],"curies":[{"name":"wp","href":"https:\/\/api.w.org\/{rel}","templated":true}]}}