{"id":343,"date":"2015-01-27T12:34:48","date_gmt":"2015-01-27T11:34:48","guid":{"rendered":"http:\/\/www.az-za.be\/fr\/?page_id=343"},"modified":"2015-08-11T16:43:57","modified_gmt":"2015-08-11T14:43:57","slug":"inscription","status":"publish","type":"page","link":"https:\/\/www.az-za.be\/fr\/inscription\/","title":{"rendered":"Newsletter"},"content":{"rendered":"<p style=\"text-align: center;\">Restez au courant de ce qui se passe dans le monde culturel et soyez inform\u00e9s de la publication de nos derni\u00e8res vid\u00e9os.<\/p>\n<div class=\"frm_forms \" id=\"frm_form_7_container\" >\n<form enctype=\"multipart\/form-data\" method=\"post\" class=\"frm-show-form  frm_pro_form \" id=\"form_appel_a_soutien\" >\n<div class=\"frm_form_fields \">\n<fieldset>\n<div class=\"frm_fields_container\">\n<input type=\"hidden\" name=\"frm_action\" value=\"create\" \/>\n<input type=\"hidden\" name=\"form_id\" value=\"7\" \/>\n<input type=\"hidden\" name=\"frm_hide_fields_7\" id=\"frm_hide_fields_7\" value=\"\" \/>\n<input type=\"hidden\" name=\"form_key\" value=\"appel_a_soutien\" \/>\n<input type=\"hidden\" name=\"item_meta[0]\" value=\"\" \/>\n<input type=\"hidden\" id=\"frm_submit_entry_7\" name=\"frm_submit_entry_7\" value=\"c53dcaa52a\" \/><input type=\"hidden\" name=\"_wp_http_referer\" value=\"\/fr\/wp-json\/wp\/v2\/pages\/343\" \/><div id=\"frm_field_90_container\" class=\"input-group\">\r\n<span class=\"input-group-addon\"><span class=\"glyphicon glyphicon-user\"><\/span><\/span>\r\n<input type=\"text\" id=\"field_8vysra2\" name=\"item_meta[90]\" value=\"\"  data-reqmsg=\"ce champ est obligatoire !\" aria-required=\"true\" data-invmsg=\"Nom est non valide\" class=\"form-control\" placeholder=\"Nom\" aria-invalid=\"false\"  \/>   \r\n<\/div>\n<div id=\"frm_field_91_container\" class=\"input-group\">\r\n<span class=\"input-group-addon\"><span class=\"glyphicon glyphicon-star\"><\/span><\/span>\r\n<input type=\"text\" id=\"field_dylg1v2\" name=\"item_meta[91]\" value=\"\"  data-reqmsg=\"ce champ est obligatoire !\" aria-required=\"true\" data-invmsg=\"Pr\u00e9nom est non valide\" class=\"form-control\" placeholder=\"Pr\u00e9nom\" aria-invalid=\"false\"  \/>   \r\n<\/div>\n<div id=\"frm_field_92_container\" class=\"input-group\">\r\n<span class=\"input-group-addon\"><span class=\"glyphicon glyphicon-envelope\"><\/span><\/span>\r\n<input type=\"email\" id=\"field_vkpx932\" name=\"item_meta[92]\" value=\"\"  data-reqmsg=\"ce champ est obligatoire !\" aria-required=\"true\" data-invmsg=\"adresse E-mail invalide !\" class=\"form-control\" placeholder=\"E-mail\" aria-invalid=\"false\"  \/>   \r\n<\/div>\n\t<input type=\"hidden\" name=\"item_key\" value=\"\" \/>\n\t\t\t<div id=\"frm_field_113_container\">\n\t\t\t<label for=\"field_4ppw2\"  style=\"display:none;\">\n\t\t\t\tSi vous \u00eates un humain, ne remplissez pas ce champ.\t\t\t<\/label>\n\t\t\t<input  id=\"field_4ppw2\" type=\"text\" class=\"frm_form_field form-field frm_verify\" name=\"item_meta[113]\" value=\"\"  style=\"display:none;\" \/>\n\t\t<\/div>\n\t\t<input name=\"frm_state\" type=\"hidden\" value=\"+CdyeWba2UcCLBMGF5WQG4S\/uqaXWIjzx7kPgXcYp7k=\" \/><div class=\"frm_submit\">\r\n\r\n<input type=\"submit\" value=\"Envoyer\"  class=\"frm_final_submit\" formnovalidate=\"formnovalidate\" class=\"btn btn-default btn-support\" \/>\r\n<img decoding=\"async\" class=\"frm_ajax_loading\" src=\"https:\/\/www.az-za.be\/wp-content\/plugins\/formidable\/images\/ajax_loader.gif\" alt=\"Envoi\" style=\"visibility:hidden;\" \/>\r\n\r\n<\/div><\/div>\n<\/fieldset>\n<\/div>\n\n<\/form>\n<\/div>\n\n","protected":false},"excerpt":{"rendered":"<p>Restez au courant de ce qui se passe dans le monde culturel et soyez inform\u00e9s de la publication de nos derni\u00e8res vid\u00e9os.<\/p>\n","protected":false},"author":1,"featured_media":0,"parent":0,"menu_order":0,"comment_status":"closed","ping_status":"closed","template":"","meta":{"_acf_changed":false,"pmpro_default_level":"","footnotes":""},"class_list":["post-343","page","type-page","status-publish","hentry","pmpro-has-access"],"acf":[],"publishpress_future_workflow_manual_trigger":{"enabledWorkflows":[]},"_links":{"self":[{"href":"https:\/\/www.az-za.be\/fr\/wp-json\/wp\/v2\/pages\/343","targetHints":{"allow":["GET"]}}],"collection":[{"href":"https:\/\/www.az-za.be\/fr\/wp-json\/wp\/v2\/pages"}],"about":[{"href":"https:\/\/www.az-za.be\/fr\/wp-json\/wp\/v2\/types\/page"}],"author":[{"embeddable":true,"href":"https:\/\/www.az-za.be\/fr\/wp-json\/wp\/v2\/users\/1"}],"replies":[{"embeddable":true,"href":"https:\/\/www.az-za.be\/fr\/wp-json\/wp\/v2\/comments?post=343"}],"version-history":[{"count":0,"href":"https:\/\/www.az-za.be\/fr\/wp-json\/wp\/v2\/pages\/343\/revisions"}],"wp:attachment":[{"href":"https:\/\/www.az-za.be\/fr\/wp-json\/wp\/v2\/media?parent=343"}],"curies":[{"name":"wp","href":"https:\/\/api.w.org\/{rel}","templated":true}]}}