{"id":518,"date":"2015-03-23T12:20:50","date_gmt":"2015-03-23T11:20:50","guid":{"rendered":"http:\/\/www.az-za.be\/fr\/?page_id=518"},"modified":"2016-03-28T10:55:53","modified_gmt":"2016-03-28T09:55:53","slug":"soutenez-nous","status":"publish","type":"page","link":"https:\/\/www.az-za.be\/fr\/soutenez-nous\/","title":{"rendered":"Soutenez-nous"},"content":{"rendered":"<p><strong>POURQUOI CET APPEL\u00a0?<br \/>\n<\/strong><br \/>\nDepuis <strong>quinze mois d\u2019existence<\/strong> nous avons travaill\u00e9 sans compter et produit pr\u00e8s de <strong>400 reportages<\/strong>, pour \u00eatre les relais d\u2019un maximum d\u2019artistes et de projets culturels belges.<\/p>\n<p>En 2015, les aides publiques et les abonnements ont couvert 20% du budget normalement n\u00e9cessaire aux productions que nous avons mis en \u0153uvre.<\/p>\n<p>Les autres 80% ont \u00e9t\u00e9 couverts par des b\u00e9n\u00e9volats et la mise \u00e0 dispositions gratuites de mat\u00e9riels et d\u2019infrastructures.<\/p>\n<p><strong>Aujourd\u2019hui, les subventions qui nous sont octroy\u00e9es ne nous permettent plus d&#8217;offrir une offre de reportages aussi large que pr\u00e9c\u00e9demment.<br \/>\n<\/strong><br \/>\nPar ailleurs, nous ne pouvons plus continuer \u00e0 demander \u00e0 nos \u00e9quipes une telle masse de travail sous la forme de b\u00e9n\u00e9volats.<\/p>\n<p>Donc \u00e0 partir d&#8217;avril 2016, l\u2019offre de la plate-forme\u00a0<span style=\"color: #ff0000;\">AZ-ZA.be<\/span> va se r\u00e9duire et le nombre de nos reportages correspondra au calendrier des subventions et \u00e0 leur montant.<\/p>\n<p><strong>VOTRE SOUTIEN EST DONC PLUS QUE JAMAIS N\u00c9CESSAIRE<br \/>\n<\/strong><br \/>\nGr\u00e2ce \u00e0 lui nous pouvons augmenter le nombre de s\u00e9quences r\u00e9alis\u00e9es et donner une plus large visibilit\u00e9 \u00e0 la cr\u00e9ation et aux artistes belges.<br \/>\nChaque don sera imm\u00e9diatement <strong>transform\u00e9 en reportages<\/strong> et nous vous informerons de mani\u00e8res d\u00e9taill\u00e9es sur son utilisation.<\/p>\n<p>Vous pouvez nous soutenir via le compte <strong>IBAN BE33 0682 2074 4846<\/strong><\/p>\n<p>Il s\u2019agit de l\u2019ASBL Les Productions H\u00e9ro\u00efques qui g\u00e8re le projet <span style=\"color: #ff0000;\">AZ-ZA.be<\/span><\/p>\n<p>N\u2019oubliez pas de mentionner vos coordonn\u00e9s et votre adresse mail dans la communication afin d\u2019\u00eatre tenu au courant des s\u00e9quences produites.<\/p>\n<p>Les \u00e9quipes qui travaillent pour\u00a0<span style=\"color: #ff0000;\">AZ-ZA.be<\/span> le font avant tout pour d\u00e9fendre les valeurs culturelles, mais les meilleures intentions du monde et la pertinence d\u2019un projet ne sont rien sans une faisabilit\u00e9 budg\u00e9taire.<\/p>\n<p>Quelles que soient les difficult\u00e9s, avec vous, nous voulons continuer \u00e0 faire aimer la culture.<\/p>\n<p>Patrick Paulo et Eric Russon<\/p>\n","protected":false},"excerpt":{"rendered":"<p>POURQUOI CET APPEL\u00a0? Depuis quinze mois d\u2019existence nous avons travaill\u00e9 sans compter et produit pr\u00e8s de 400 reportages, pour \u00eatre les relais d\u2019un maximum d\u2019artistes et de projets culturels belges. En 2015, les aides publiques et les abonnements ont couvert 20% du budget normalement n\u00e9cessaire aux productions que nous avons mis en \u0153uvre. Les autres [&hellip;]<\/p>\n","protected":false},"author":1,"featured_media":0,"parent":0,"menu_order":0,"comment_status":"closed","ping_status":"closed","template":"","meta":{"_acf_changed":false,"pmpro_default_level":"","footnotes":""},"class_list":["post-518","page","type-page","status-publish","hentry","pmpro-has-access"],"acf":[],"publishpress_future_workflow_manual_trigger":{"enabledWorkflows":[]},"_links":{"self":[{"href":"https:\/\/www.az-za.be\/fr\/wp-json\/wp\/v2\/pages\/518","targetHints":{"allow":["GET"]}}],"collection":[{"href":"https:\/\/www.az-za.be\/fr\/wp-json\/wp\/v2\/pages"}],"about":[{"href":"https:\/\/www.az-za.be\/fr\/wp-json\/wp\/v2\/types\/page"}],"author":[{"embeddable":true,"href":"https:\/\/www.az-za.be\/fr\/wp-json\/wp\/v2\/users\/1"}],"replies":[{"embeddable":true,"href":"https:\/\/www.az-za.be\/fr\/wp-json\/wp\/v2\/comments?post=518"}],"version-history":[{"count":0,"href":"https:\/\/www.az-za.be\/fr\/wp-json\/wp\/v2\/pages\/518\/revisions"}],"wp:attachment":[{"href":"https:\/\/www.az-za.be\/fr\/wp-json\/wp\/v2\/media?parent=518"}],"curies":[{"name":"wp","href":"https:\/\/api.w.org\/{rel}","templated":true}]}}